{"id":646,"date":"2025-08-17T19:47:12","date_gmt":"2025-08-17T19:47:12","guid":{"rendered":"http:\/\/globalsocialimpact.es\/?page_id=646"},"modified":"2025-08-26T09:14:06","modified_gmt":"2025-08-26T09:14:06","slug":"aviso-legal","status":"publish","type":"page","link":"https:\/\/globalsocialimpact.es\/es\/aviso-legal\/","title":{"rendered":"Aviso legal"},"content":{"rendered":"<div>\n<p style=\"color: #7fc31c;\">IDENTIFICACI\u00d3N<\/p>\n<p>Este sitio web ha sido dise\u00f1ado por GLOBAL SOCIAL IMPACT INVESTMENTS, SGIIC (en adelante \u201cGSI\u201d), con CIF A-88626825 y domicilio social en Calle de Jos\u00e9 Abascal 45, planta principal, Madrid, inscrita en el Registro Mercantil (Hoja M-718145, Tomo 40.438 y Folio 201) y en la Comisi\u00f3n Nacional del Mercado de Valores (CNMV) con el n\u00famero 279.<\/p>\n<p>Puede ponerse en contacto con GSI por tel\u00e9fono en el +34 91 077 06 59 o escribiendo a la direcci\u00f3n de correo electr\u00f3nico <a href=\"mailto:info@globalsocialimpact.es\">info@globalsocialimpact.es<\/a>.<\/p>\n<p style=\"color: #7fc31c;\">FINALIDAD Y \u00c1MBITO DE APLICACI\u00d3N<\/p>\n<p><span style=\"font-weight: 400;\">A continuaci\u00f3n se exponen las condiciones generales que regulan el acceso, navegaci\u00f3n y uso de las p\u00e1ginas web del dominio titularidad de GSI, as\u00ed como la responsabilidad derivada de la utilizaci\u00f3n de sus contenidos.<\/span><\/p>\n<p><span style=\"font-weight: 400;\">Se entender\u00e1 que el acceso o la mera utilizaci\u00f3n de www.globalsocialimpact.es por parte del Usuario implica la aceptaci\u00f3n de las condiciones generales que GSI tenga publicadas en su p\u00e1gina web. En consecuencia, el Usuario debe conocer dichas condiciones generales. En este sentido, se entender\u00e1 por Usuario a toda persona que acceda, navegue, utilice o participe en los servicios y actividades, gratuitas u onerosas, desarrolladas en GSI.<\/span><\/p>\n<p><span style=\"font-weight: 400;\">Las presentes condiciones generales tienen por objeto regular el acceso, navegaci\u00f3n y uso de www.globalsocialimpact.es. Independientemente de las mismas, GSI podr\u00e1 establecer condiciones particulares que regulen la utilizaci\u00f3n y\/o contrataci\u00f3n de servicios espec\u00edficos ofrecidos a los Usuarios a trav\u00e9s de www.globalsocialimpact.es. Asimismo, www.globalsocialimpact.es, GSI podr\u00e1 permitir que terceras entidades publiciten o presten sus servicios. En estos casos, GSI no ser\u00e1 responsable de establecer las condiciones generales y particulares a tener en cuenta en la utilizaci\u00f3n, prestaci\u00f3n o contrataci\u00f3n de estos servicios proporcionados por terceros y, por tanto, no podr\u00e1 ser considerado responsable de los mismos. En cualquier caso, GSI no facilitar\u00e1 los datos personales de los Usuarios a dichos terceros.<\/span><\/p>\n<p><span style=\"font-weight: 400;\">Antes de utilizar y\/o contratar servicios espec\u00edficos prestados por GSI, el usuario deber\u00e1 leer atentamente las correspondientes condiciones particulares dispuestas al efecto. La utilizaci\u00f3n y\/o la contrataci\u00f3n de dichos servicios espec\u00edficos implica la aceptaci\u00f3n de las condiciones particulares que los regulen en la versi\u00f3n publicada por GSI en el momento en que se produzca dicha utilizaci\u00f3n y\/o contrataci\u00f3n.<\/span><\/p>\n<p style=\"color: #7fc31c;\">DERECHOS DE PROPIEDAD INTELECTUAL E INDUSTRIAL<\/p>\n<p><span style=\"font-weight: 400;\">GSI como autor de la obra conjunta, es titular de los derechos de explotaci\u00f3n de la propiedad intelectual e industrial de www.globalsocialimpact.es, y es asimismo titular, o dispone de la correspondiente licencia sobre los derechos de propiedad intelectual, industrial y de imagen relativos a los contenidos disponibles en dicha web.<\/span><\/p>\n<p><span style=\"font-weight: 400;\">En ning\u00fan caso se entender\u00e1 que el acceso y navegaci\u00f3n del Usuario implica una renuncia, transmisi\u00f3n, licencia o cesi\u00f3n total ni parcial de dichos derechos por parte de GSI.<\/span><\/p>\n<p><span style=\"font-weight: 400;\">En consecuencia, no est\u00e1 permitido suprimir, eludir o manipular el aviso de derechos de autor (\"copyright\") y cualesquiera otros datos de identificaci\u00f3n de los derechos de GSI o de sus titulares incorporados a los contenidos, as\u00ed como los dispositivos t\u00e9cnicos de protecci\u00f3n, las huellas digitales o cualesquiera mecanismos de informaci\u00f3n y\/o de identificaci\u00f3n que pudieren incluirse o se incluyeren en los contenidos.<\/span><\/p>\n<p><span style=\"font-weight: 400;\">Asimismo queda prohibido modificar, copiar, reutilizar, explotar, reproducir, comunicar p\u00fablicamente, reenviar o postear posteriormente, cargar archivos, enviar por correo electr\u00f3nico, transmitir, usar, tratar o distribuir de cualquier forma, total o parcialmente, los contenidos incluidos en la p\u00e1gina web www.globalsocialimpact.es para prop\u00f3sitos p\u00fablicos o comerciales, si no se cuenta con la autorizaci\u00f3n expresa y por escrito de GSI o, en su caso, del titular de los derechos a que corresponda. En particular, GSI se opone expresamente a que la reproducci\u00f3n de sus p\u00e1ginas pueda ser considerada una cita en los t\u00e9rminos previstos en el art\u00edculo 32.1, p\u00e1rrafo segundo, de la Ley de Propiedad Intelectual.<\/span><\/p>\n<p style=\"color: #7fc31c;\">ACCESO<\/p>\n<p><span style=\"font-weight: 400;\">Los usuarios podr\u00e1n acceder al dominio www.globalsocialimpact.es de forma libre y gratuita. No obstante, algunos de dichos servicios y contenidos ofrecidos por GSI o terceros a trav\u00e9s de www.globalsocialimpact.es pueden encontrarse sujetos a la ulterior formalizaci\u00f3n de un contrato de servicio o suministro y al pago de una cantidad de dinero en la forma que se determine en las correspondientes condiciones particulares, en cuyo caso, \u00e9stas ser\u00e1n comunicadas al Usuario de forma expresa y clara.<\/span><\/p>\n<p><span style=\"font-weight: 400;\">Cuando para acceder a alguno de los servicios espec\u00edficos sea necesario que el Usuario se registre o aporte datos de car\u00e1cter personal, la recogida, el tratamiento y, en su caso, la cesi\u00f3n o el acceso a los datos personales del Usuario se ajustar\u00e1n a lo previsto en la Pol\u00edtica de Privacidad disponible en www.globalsocialimpact.es.<\/span><\/p>\n<p><span style=\"font-weight: 400;\">Queda terminantemente prohibida la contrataci\u00f3n de productos y servicios a trav\u00e9s del dominio www.globalsocialimpact.es por parte de menores de edad, debiendo \u00e9stos obtener previamente el consentimiento de sus padres, tutores o representantes legales, quienes ser\u00e1n considerados responsables de los actos realizados por los menores a su cargo, de conformidad con lo establecido en la legislaci\u00f3n vigente.<\/span><\/p>\n<p style=\"color: #7fc31c;\">USO DE LA P\u00c1GINA<\/p>\n<p><span style=\"font-weight: 400;\">El contenido incluido en www.globalsocialimpact.es se facilitar\u00e1 exclusivamente a consumidores o usuarios finales. Queda terminantemente prohibido cualquier uso comercial no autorizado de los mismos, as\u00ed como su reventa, sin la autorizaci\u00f3n por escrito de GSI.<\/span><\/p>\n<p><span style=\"font-weight: 400;\">Si para la utilizaci\u00f3n y\/o contrataci\u00f3n de un servicio a trav\u00e9s de www.globalsocialimpact.es, el Usuario debiera proceder a su registro, \u00e9ste ser\u00e1 responsable de aportar informaci\u00f3n veraz y l\u00edcita. Si en el proceso de registro se dotara al Usuario de una contrase\u00f1a, \u00e9ste se compromete a hacer un uso diligente y a mantener en secreto la contrase\u00f1a de acceso a los servicios. Posteriormente, los Usuarios son responsables de la adecuada custodia y confidencialidad de cualesquiera identificadores y\/contrase\u00f1as que le sean suministradas por GSI y se comprometen a no ceder su uso a terceros, ya sea temporal o permanente, ni a permitir su acceso a personas ajenas. Ser\u00e1 responsabilidad del Usuario la utilizaci\u00f3n il\u00edcita de los servicios por cualquier tercero ileg\u00edtimo que emplee a tal efecto una contrase\u00f1a obtenida por su error o p\u00e9rdida. En todo caso, debe tenerse en cuenta que la identificaci\u00f3n y autenticaci\u00f3n mediante usuario y contrase\u00f1a es un m\u00e9todo menos fiable que el de la firma electr\u00f3nica avanzada.<\/span><\/p>\n<p><span style=\"font-weight: 400;\">En virtud de lo anterior, es obligaci\u00f3n del Usuario informar inmediatamente a los administradores de www.globalsocialimpact.es por escrito a la direcci\u00f3n de correo electr\u00f3nico info@globalsocialimpact.com.es, o llamando al tel\u00e9fono +34 91 077 06 59<\/span><span style=\"font-weight: 400;\">, GSI, de cualquier hecho que permita el uso no autorizado de los identificadores y\/o contrase\u00f1as, tales como el robo, extrav\u00edo, o el acceso no autorizado a los mismos, para su inmediata cancelaci\u00f3n. Mientras no se comuniquen tales hechos, GSI quedar\u00e1 eximida de toda responsabilidad que pudiera derivarse del uso ileg\u00edtimo de los identificadores o contrase\u00f1as por terceros no autorizados.<\/span><\/p>\n<p><span style=\"font-weight: 400;\">El acceso, navegaci\u00f3n y uso de www.globalsocialimpact.es es responsabilidad del Usuario, por lo que \u00e9ste se compromete a observar diligente y fielmente cualquier instrucci\u00f3n adicional impartida por GSI relativa al uso de www.globalsocialimpact.es y sus contenidos.<\/span><\/p>\n<p><span style=\"font-weight: 400;\">Por ello, el Usuario se obliga a usar los contenidos de forma diligente, correcta y l\u00edcita. En particular, el Usuario se compromete a abstenerse de:<\/span><\/p>\n<ol>\n<li><span style=\"font-weight: 400;\">a) utilizar sus contenidos y servicios con fines contrarios a la ley y a las normas aceptadas sobre la moral, las buenas costumbres y el orden p\u00fablico;<\/span><\/li>\n<li><span style=\"font-weight: 400;\">b) Reproducir o copiar, distribuir, permitir el acceso del p\u00fablico a trav\u00e9s de cualquier modalidad de comunicaci\u00f3n p\u00fablica, transformar o modificar los contenidos, a menos que se cuente con la autorizaci\u00f3n del titular de los correspondientes derechos o ello resulte legalmente permitido;<\/span><\/li>\n<li><span style=\"font-weight: 400;\">c) emplear los contenidos y, en particular, la informaci\u00f3n de cualquier clase obtenida a trav\u00e9s de la p\u00e1gina web o de los servicios para remitir publicidad, comunicaciones con fines de venta directa o con cualquier otra clase de finalidad comercial, mensajes no solicitados dirigidos a una pluralidad de personas con independencia de su finalidad, as\u00ed como a abstenerse de comercializar o divulgar de cualquier modo dicha informaci\u00f3n.<\/span><\/li>\n<\/ol>\n<p style=\"color: #7fc31c;\">LICENCIA DE COMUNICACIONES<\/p>\n<p><span style=\"font-weight: 400;\">En el caso de que el Usuario env\u00ede informaci\u00f3n de cualquier tipo a www.globalsocialimpact.es, declara, entiende y acepta i) que tiene derecho a hacerlo libremente, ii) que dicha informaci\u00f3n no infringe ning\u00fan derecho de propiedad intelectual, de marca, de patente, secreto comercial, o cualquier otro derecho de tercero, iii) que dicha informaci\u00f3n no tiene car\u00e1cter confidencial, y iv) que dicha informaci\u00f3n no es perjudicial para terceros.<\/span><\/p>\n<p><span style=\"font-weight: 400;\">El Usuario entiende que asume la responsabilidad y mantiene indemne a GSI por cualquier comunicaci\u00f3n que suministre personalmente o sea suministrada en su nombre, alcanzando dicha responsabilidad sin restricci\u00f3n alguna a la exactitud, legalidad, originalidad y titularidad de la misma.<\/span><\/p>\n<p><span style=\"font-weight: 400;\">La aceptaci\u00f3n de las presentes condiciones generales implica la cesi\u00f3n en exclusiva por parte del Usuario de cualquier derecho de explotaci\u00f3n de propiedad intelectual o industrial que ostente sobre las comunicaciones que realice en www.globalsocialimpact.es.<\/span><\/p>\n<p style=\"color: #7fc31c;\">PASIVOS Y GARANT\u00cdAS<\/p>\n<p><span style=\"font-weight: 400;\">GSI no garantiza la fiabilidad, utilidad o exactitud de los servicios o de la informaci\u00f3n que proporciona a trav\u00e9s de www.globalsocialimpact.es.<\/span><\/p>\n<p><span style=\"font-weight: 400;\">En consecuencia, GSI no garantiza ni se hace responsable de: i) la continuidad de los contenidos de www.globalsocialimpact.es; ii) la ausencia de errores en dichos contenidos ni la correcci\u00f3n de cualquier defecto que pudiera ocurrir; iii) la ausencia de virus y\/o dem\u00e1s componentes da\u00f1inos en www.globalsocialimpact.es o en el servidor que lo aloja; iv) la invulnerabilidad de www.globalsocialimpact.es y\/o la fiabilidad de las medidas de seguridad que se adopten en el mismo; v) la falta de utilidad o rendimiento de los contenidos de www.globalsocialimpact.es; vi) los da\u00f1os o perjuicios que cause, al usuario o a un tercero, cualquier persona que infringiera las condiciones, normas e instrucciones que GSI establece en www.globalsocialimpact.es o a trav\u00e9s de la vulneraci\u00f3n de los sistemas de seguridad de www.globalsocialimpact.es. No obstante, GSI declara que ha adoptado todas las medidas necesarias, dentro de sus posibilidades y del estado de la tecnolog\u00eda, para garantizar el funcionamiento de www.globalsocialimpact.es y evitar la existencia y transmisi\u00f3n de virus y dem\u00e1s componentes da\u00f1inos a los Usuarios.<\/span><\/p>\n<p style=\"color: #7fc31c;\">ENLACES<\/p>\n<p><span style=\"font-weight: 400;\">Enlaces de www.globalsocialimpact.es a otros sitios web:<\/span><\/p>\n<p><span style=\"font-weight: 400;\">Durante la navegaci\u00f3n por www.globalsocialimpact.es el Usuario puede encontrar enlaces a otras p\u00e1ginas en forma de diferentes botones, links, banners, etc., que son gestionados por terceros. GSI no tiene facultad ni medios humanos ni t\u00e9cnicos para conocer, controlar ni aprobar toda la informaci\u00f3n, contenidos, productos o servicios facilitados por dichos enlaces a otras p\u00e1ginas web desde www.globalsocialimpact.es. En consecuencia, GSI no podr\u00e1 asumir ning\u00fan tipo de responsabilidad por cualquier aspecto relativo a la p\u00e1gina web a la que se establece el enlace desde www.globalsocialimpact.es, en concreto, a t\u00edtulo enunciativo y no taxativo, sobre su funcionamiento, acceso, datos, informaci\u00f3n, archivos, calidad y fiabilidad de sus productos y servicios, sus propios enlaces y\/o cualquier otro contenido en general. El establecimiento de cualquier tipo de enlace desde www.globalsocialimpact.es a otro sitio web ajeno no implicar\u00e1 que exista alg\u00fan tipo de relaci\u00f3n, colaboraci\u00f3n o dependencia entre GSI y el titular del sitio web ajeno.<\/span><\/p>\n<p><span style=\"font-weight: 400;\">Enlaces en otros sitios web a www.globalsocialimpact.es:<\/span><\/p>\n<p><span style=\"font-weight: 400;\">En el caso de que cualquier Usuario, entidad o sitio web deseara establecer alg\u00fan tipo de enlace con destino a www.globalsocialimpact.es deber\u00e1 atenerse a las siguientes estipulaciones:<\/span><\/p>\n<ol>\n<li><span style=\"font-weight: 400;\">a) El enlace podr\u00e1 redirigir a la P\u00e1gina Principal o a cualquier otra de las que componen com.<\/span><\/li>\n<li><span style=\"font-weight: 400;\">b) El enlace debe ser absoluto y completo, es decir, debe llevar al Usuario, mediante un clic, a la propia direcci\u00f3n URL de GSI, www.globalsocialimpact.es o a las direcciones URL correspondientes a las p\u00e1ginas que se pretende enlazar y debe abarcar completamente toda la extensi\u00f3n de la pantalla de www.globalsocialimpact.es. En ning\u00fan caso, salvo que GSI lo autorice de manera expresa y por escrito, el sitio web que realiza el enlace podr\u00e1 reproducir www.globalsocialimpact.es, incluirlo como parte de su web o dentro de uno de sus \u201cframes\u201d o crear un \u201cbrowser\u201d sobre cualquiera de las p\u00e1ginas de www.globalsocialimpact.es.<\/span><\/li>\n<li><span style=\"font-weight: 400;\">c) En la p\u00e1gina que establece el enlace no se podr\u00e1 declarar que GSI ha autorizado tal enlace, salvo que lo haya hecho expresamente y por escrito. En el caso de que la entidad que realice el enlace desde su p\u00e1gina web a www.globalsocialimpact.es quiera incluir en su p\u00e1gina web la marca, denominaci\u00f3n, nombre comercial, r\u00f3tulo de establecimiento, logotipo, eslogan o cualquier otro tipo de elemento identificativo de GSI y\/o de www.globalsocialimpact.es, deber\u00e1 obtener previamente la correspondiente autorizaci\u00f3n expresa y por escrito.<\/span><\/li>\n<li><span style=\"font-weight: 400;\">d) GSI no autoriza el establecimiento de un enlace a www.globalsocialimpact.es desde aquellas p\u00e1ginas web que contengan materiales, informaci\u00f3n o contenidos considerados il\u00edcitos, ilegales, degradantes, obscenos, o que contravengan las normas generalmente aceptadas sobre la moral, las buenas costumbres y el orden p\u00fablico.<\/span><\/li>\n<\/ol>\n<p><span style=\"font-weight: 400;\">GSI no tiene facultad ni medios humanos ni t\u00e9cnicos para conocer, controlar ni aprobar toda la informaci\u00f3n, contenidos, productos o servicios facilitados por otros sitios Web que tengan establecidos enlaces con destino a www.globalsocialimpact.es. GSI no asume ning\u00fan tipo de responsabilidad por cualquier aspecto relativo a www.globalsocialimpact.es que se establezca mediante este enlace a www.globalsocialimpact.es, en concreto, a t\u00edtulo enunciativo y no taxativo, sobre su funcionamiento, acceso, datos, informaci\u00f3n, archivos, calidad y fiabilidad de sus productos y servicios, sus propios enlaces y\/o cualquier otro contenido en general.<\/span><\/p>\n<p><span style=\"font-weight: 400;\">Servicios prestados por terceros a trav\u00e9s de www.globalsocialimpact.es:<\/span><\/p>\n<p><span style=\"font-weight: 400;\">GSI no garantiza la licitud, fiabilidad, utilidad, exactitud o veracidad de los servicios prestados por terceros a trav\u00e9s de www.globalsocialimpact.es o de aquellos otros respecto de los cuales GSI \u00fanicamente act\u00fae como medio cauce publicitario.<\/span><\/p>\n<p><span style=\"font-weight: 400;\">GSI excluye cualquier responsabilidad por los da\u00f1os y perjuicios de toda naturaleza causados por los servicios prestados por terceros a trav\u00e9s de www.globalsocialimpact.es, y en particular, a t\u00edtulo enunciativo y no limitativo, por los causados por:<\/span><\/p>\n<ol>\n<li><span style=\"font-weight: 400;\">a) El incumplimiento de la ley o de las normas generalmente aceptadas que rigen las convenciones morales, las buenas costumbres y el orden p\u00fablico;<\/span><\/li>\n<li><span style=\"font-weight: 400;\">b) la incorporaci\u00f3n de virus o cualquier otro c\u00f3digo inform\u00e1tico, archivos o programas que puedan da\u00f1ar, interrumpir o impedir el normal funcionamiento de cualquier software, hardware o equipo de telecomunicaciones;<\/span><\/li>\n<li><span style=\"font-weight: 400;\">c) la infracci\u00f3n de los derechos de propiedad intelectual e industrial, de los secretos comerciales o de los compromisos contractuales de cualquier clase;<\/span><\/li>\n<li><span style=\"font-weight: 400;\">d) la realizaci\u00f3n de actos que constituyan publicidad falsa, enga\u00f1osa o desleal y, en general, que constituyan competencia desleal;<\/span><\/li>\n<li><span style=\"font-weight: 400;\">e) la falta de veracidad, exactitud, calidad, pertinencia y\/o actualidad de los contenidos transmitidos, difundidos, almacenados, recibidos, obtenidos, puestos a disposici\u00f3n o accesibles;<\/span><\/li>\n<li><span style=\"font-weight: 400;\">f) la vulneraci\u00f3n del derecho al honor, a la intimidad personal y familiar y a la propia imagen o, en general, cualquier tipo de derechos de terceros;<\/span><\/li>\n<li><span style=\"font-weight: 400;\">g) la inadecuaci\u00f3n para cualquier clase de prop\u00f3sito y la defraudaci\u00f3n de las expectativas generadas, o los vicios o defectos que pudieran generarse frente a terceros;<\/span><\/li>\n<li><span style=\"font-weight: 400;\">h) el incumplimiento, retraso en el cumplimiento, cumplimiento defectuoso o resoluci\u00f3n por cualquier causa de las obligaciones contra\u00eddas por terceros y contratos celebrados con terceros.<\/span><\/li>\n<\/ol>\n<p style=\"color: #7fc31c;\">DURACI\u00d3N Y MODIFICACI\u00d3N<\/p>\n<p><span style=\"font-weight: 400;\">GSI podr\u00e1 modificar los t\u00e9rminos y condiciones aqu\u00ed estipulados, total o parcialmente, publicando cualquier cambio en la misma forma en que aparecen estas condiciones generales o a trav\u00e9s de cualquier otro medio de comunicaci\u00f3n dirigido a los Usuarios.<\/span><\/p>\n<p><span style=\"font-weight: 400;\">La duraci\u00f3n temporal de estas condiciones generales coincide, por tanto, con la duraci\u00f3n de su exposici\u00f3n, hasta que sean modificadas total o parcialmente, momento en el que entrar\u00e1n en vigor las condiciones generales modificadas.<\/span><\/p>\n<p><span style=\"font-weight: 400;\">Con independencia de lo dispuesto en las condiciones particulares, GSI podr\u00e1 dar por terminado, suspender o interrumpir, en cualquier momento sin necesidad de preaviso, el acceso a los contenidos de la p\u00e1gina, sin posibilidad por parte del Usuario de exigir indemnizaci\u00f3n alguna. En caso de terminaci\u00f3n, seguir\u00e1n vigentes las prohibiciones de uso de los contenidos detalladas anteriormente en las condiciones generales.<\/span><\/p>\n<p style=\"color: #7fc31c;\">ASPECTOS GENERALES<\/p>\n<p><span style=\"font-weight: 400;\">Los encabezamientos de las distintas cl\u00e1usulas son meramente informativos y no afectar\u00e1n, calificar\u00e1n o ampliar\u00e1n la interpretaci\u00f3n de las condiciones generales.<\/span><\/p>\n<p><span style=\"font-weight: 400;\">En caso de discrepancia entre lo establecido en estas Condiciones Generales y las condiciones particulares de cada servicio espec\u00edfico, prevalecer\u00e1 lo dispuesto en estas \u00faltimas.<\/span><\/p>\n<p><span style=\"font-weight: 400;\">En el caso de que cualquier cl\u00e1usula o cl\u00e1usulas contenidas en las presentes condiciones generales fuera(n) considerada(s) nula(s) o inaplicable(s), en su totalidad o en parte, por cualquier tribunal u \u00f3rgano administrativo competente, dicha nulidad o inaplicaci\u00f3n no afectar\u00e1 a las otras cl\u00e1usulas de las condiciones generales ni a las condiciones particulares de los diferentes servicios de GSI.<\/span><\/p>\n<p><span style=\"font-weight: 400;\">El ejercicio o no ejercicio por parte de GSI de cualquier derecho o disposici\u00f3n contenida en las presentes condiciones generales no se considerar\u00e1 una renuncia al mismo, salvo reconocimiento y acuerdo por escrito.<\/span><\/p>\n<p style=\"color: #7fc31c;\">JURISDICCI\u00d3N<\/p>\n<p><span style=\"font-weight: 400;\">Las relaciones establecidas entre GSI y el Usuario se regir\u00e1n por lo dispuesto en la normativa vigente acerca de la legislaci\u00f3n aplicable y la jurisdicci\u00f3n competente. No obstante, para los casos en los que la normativa prevea la posibilidad a las partes de someterse a un fuero, GSI y el Usuario, con renuncia expresa a cualquier otro fuero que pudiera corresponderles, se someten a los juzgados y tribunales de la ciudad de Madrid, Espa\u00f1a.<\/span><\/p>\n<\/div>","protected":false},"excerpt":{"rendered":"<p>IDENTIFICATION This website has been designed by GLOBAL SOCIAL IMPACT INVESTMENTS, SGIIC (hereinafter &#8220;GSI&#8221;), with tax identification number A-88626825 and registered address at Calle de Jos\u00e9 Abascal 45, planta principal, Madrid, registered in the Mercantile Register (Hoja M-718145, Tomo 40.438 y Folio 201) and with the National Securities Market Commission (CNMV) under number 279. You [&hellip;]<\/p>\n","protected":false},"author":2,"featured_media":0,"parent":0,"menu_order":12,"comment_status":"closed","ping_status":"closed","template":"","meta":{"_acf_changed":false,"footnotes":""},"news_content_type":[],"class_list":["post-646","page","type-page","status-publish","hentry"],"acf":[],"_links":{"self":[{"href":"https:\/\/globalsocialimpact.es\/es\/wp-json\/wp\/v2\/pages\/646","targetHints":{"allow":["GET"]}}],"collection":[{"href":"https:\/\/globalsocialimpact.es\/es\/wp-json\/wp\/v2\/pages"}],"about":[{"href":"https:\/\/globalsocialimpact.es\/es\/wp-json\/wp\/v2\/types\/page"}],"author":[{"embeddable":true,"href":"https:\/\/globalsocialimpact.es\/es\/wp-json\/wp\/v2\/users\/2"}],"replies":[{"embeddable":true,"href":"https:\/\/globalsocialimpact.es\/es\/wp-json\/wp\/v2\/comments?post=646"}],"version-history":[{"count":3,"href":"https:\/\/globalsocialimpact.es\/es\/wp-json\/wp\/v2\/pages\/646\/revisions"}],"predecessor-version":[{"id":916873,"href":"https:\/\/globalsocialimpact.es\/es\/wp-json\/wp\/v2\/pages\/646\/revisions\/916873"}],"wp:attachment":[{"href":"https:\/\/globalsocialimpact.es\/es\/wp-json\/wp\/v2\/media?parent=646"}],"wp:term":[{"taxonomy":"news_content_type","embeddable":true,"href":"https:\/\/globalsocialimpact.es\/es\/wp-json\/wp\/v2\/news_content_type?post=646"}],"curies":[{"name":"wp","href":"https:\/\/api.w.org\/{rel}","templated":true}]}}